{"id":7867,"date":"2026-05-12T08:41:28","date_gmt":"2026-05-12T08:41:28","guid":{"rendered":"https:\/\/reanybikes.com\/?post_type=product&#038;p=7867"},"modified":"2026-05-13T02:12:23","modified_gmt":"2026-05-13T02:12:23","slug":"v1-vivo-fresh-gray-copy-copy","status":"publish","type":"product","link":"https:\/\/reanybikes.com\/fr\/produit\/v1-vivo-fresh-gray-copy-copy\/","title":{"rendered":"V1 vivo fresh Gray (Copy) (Copy)"},"content":{"rendered":"","protected":false},"excerpt":{"rendered":"<p>V\u00e9lo \u00e9lectrique V1 Vivo Reany avec batterie &#8211; 38Nm &#8211; \u00c9cran couleur &#8211; Transmission par courroie &#8211; Frein hydraulique &#8211; Cadre en aluminium<\/p>\n","protected":false},"featured_media":7876,"comment_status":"closed","ping_status":"closed","template":"","meta":{"_acf_changed":false},"product_brand":[],"product_cat":[295],"product_tag":[],"class_list":{"0":"post-7867","1":"product","2":"type-product","3":"status-publish","4":"has-post-thumbnail","6":"product_cat-vivo-series-fr","7":"product_shipping_class-velos","9":"first","10":"instock","11":"taxable","12":"shipping-taxable","13":"purchasable","14":"product-type-composite"},"acf":[],"jetpack_sharing_enabled":true,"_links":{"self":[{"href":"https:\/\/reanybikes.com\/fr\/wp-json\/wp\/v2\/product\/7867","targetHints":{"allow":["GET"]}}],"collection":[{"href":"https:\/\/reanybikes.com\/fr\/wp-json\/wp\/v2\/product"}],"about":[{"href":"https:\/\/reanybikes.com\/fr\/wp-json\/wp\/v2\/types\/product"}],"replies":[{"embeddable":true,"href":"https:\/\/reanybikes.com\/fr\/wp-json\/wp\/v2\/comments?post=7867"}],"wp:featuredmedia":[{"embeddable":true,"href":"https:\/\/reanybikes.com\/fr\/wp-json\/wp\/v2\/media\/7876"}],"wp:attachment":[{"href":"https:\/\/reanybikes.com\/fr\/wp-json\/wp\/v2\/media?parent=7867"}],"wp:term":[{"taxonomy":"product_brand","embeddable":true,"href":"https:\/\/reanybikes.com\/fr\/wp-json\/wp\/v2\/product_brand?post=7867"},{"taxonomy":"product_cat","embeddable":true,"href":"https:\/\/reanybikes.com\/fr\/wp-json\/wp\/v2\/product_cat?post=7867"},{"taxonomy":"product_tag","embeddable":true,"href":"https:\/\/reanybikes.com\/fr\/wp-json\/wp\/v2\/product_tag?post=7867"}],"curies":[{"name":"wp","href":"https:\/\/api.w.org\/{rel}","templated":true}]}}