{"id":7061,"date":"2026-01-07T03:53:07","date_gmt":"2026-01-07T03:53:07","guid":{"rendered":"https:\/\/reanybikes.com\/?post_type=product&#038;p=7061"},"modified":"2026-01-09T08:41:37","modified_gmt":"2026-01-09T08:41:37","slug":"base-de-porte-bagages-arriere-n-copy-2","status":"publish","type":"product","link":"https:\/\/reanybikes.com\/fr\/product\/base-de-porte-bagages-arriere-n-copy-2\/","title":{"rendered":"LoadUp HD Rear Rack N"},"content":{"rendered":"<h2>Compatible avec<\/h2>\n<div data-page-id=\"OfzFdla3vocvlGxl6wTc7cIRnBd\" data-lark-html-role=\"root\" data-docx-has-block-data=\"false\">\n<div class=\"ace-line ace-line old-record-id-O3EgdqDUPoXEZpxWn8ecEHWXnBd\">Compatible avec : N1 PRO\/ N1\/ N1 GT\/ V1 Vivo+<\/div>\n<\/div>\n<h2>Faits saillants<\/h2>\n<ul>\n<li>La capacit\u00e9 de charge maximale est de 27 kg<\/li>\n<li>Design \u00e9l\u00e9gant qui s&rsquo;int\u00e8gre parfaitement aux cadres de v\u00e9los REANY.<\/li>\n<li>Norme MIK&nbsp;: comprenant la partie sup\u00e9rieure du porte-bagages MIK HD, une interface robuste approuv\u00e9e pour les si\u00e8ges pour enfants<\/li>\n<li>Polyvalence \u00e0 plateforme unique&nbsp;: passez des sacoches, des caisses et des si\u00e8ges pour enfants en quelques secondes, sans outils.<\/li>\n<\/ul>\n<h2>Sp\u00e9cifications<\/h2>\n<p>Couleur&nbsp;: Noir<br \/>\nCharge maximale&nbsp;: 27 kg (certifi\u00e9)<br \/>\nCompatibilit\u00e9&nbsp;: tous les accessoires MIK et MIK HD (sacoches, si\u00e8ges pour enfants, paniers, etc.)<\/p>\n","protected":false},"excerpt":{"rendered":"<div data-page-id=\"OfzFdla3vocvlGxl6wTc7cIRnBd\" data-lark-html-role=\"root\" data-docx-has-block-data=\"false\">\n<div class=\"ace-line ace-line old-record-id-WNCGduGLaowXg4xGt6hcERjYnHf\">Test\u00e9 pour transporter en toute s\u00e9curit\u00e9 27 kg, le robuste porte-bagages arri\u00e8re LoadUp HD N s&rsquo;int\u00e8gre parfaitement \u00e0 votre v\u00e9lo Reany. Avec la plateforme MIK HD int\u00e9gr\u00e9e, la norme robuste approuv\u00e9e pour les si\u00e8ges enfant, aucun adaptateur n&rsquo;est n\u00e9cessaire pour fixer solidement des sacoches, verrouiller un si\u00e8ge enfant ou monter un panier en quelques secondes. C&rsquo;est la base compl\u00e8te et pr\u00eate \u00e0 l&#8217;emploi pour tout, des aventures de week-end aux courses familiales. Voyagez en toute confiance, avec plus. Votre v\u00e9lo, enti\u00e8rement \u00e9quip\u00e9.    <\/div>\n<\/div>\n","protected":false},"featured_media":7065,"comment_status":"closed","ping_status":"closed","template":"","meta":{"_acf_changed":false},"product_brand":[72],"product_cat":[187,214],"product_tag":[],"class_list":{"0":"post-7061","1":"product","2":"type-product","3":"status-publish","4":"has-post-thumbnail","6":"product_brand-reanybikes","7":"product_cat-accessoires","8":"product_cat-commuter","9":"product_shipping_class-accessoires","11":"first","12":"onbackorder","13":"taxable","14":"shipping-taxable","15":"purchasable","16":"product-type-simple"},"acf":[],"jetpack_sharing_enabled":true,"_links":{"self":[{"href":"https:\/\/reanybikes.com\/fr\/wp-json\/wp\/v2\/product\/7061","targetHints":{"allow":["GET"]}}],"collection":[{"href":"https:\/\/reanybikes.com\/fr\/wp-json\/wp\/v2\/product"}],"about":[{"href":"https:\/\/reanybikes.com\/fr\/wp-json\/wp\/v2\/types\/product"}],"replies":[{"embeddable":true,"href":"https:\/\/reanybikes.com\/fr\/wp-json\/wp\/v2\/comments?post=7061"}],"wp:featuredmedia":[{"embeddable":true,"href":"https:\/\/reanybikes.com\/fr\/wp-json\/wp\/v2\/media\/7065"}],"wp:attachment":[{"href":"https:\/\/reanybikes.com\/fr\/wp-json\/wp\/v2\/media?parent=7061"}],"wp:term":[{"taxonomy":"product_brand","embeddable":true,"href":"https:\/\/reanybikes.com\/fr\/wp-json\/wp\/v2\/product_brand?post=7061"},{"taxonomy":"product_cat","embeddable":true,"href":"https:\/\/reanybikes.com\/fr\/wp-json\/wp\/v2\/product_cat?post=7061"},{"taxonomy":"product_tag","embeddable":true,"href":"https:\/\/reanybikes.com\/fr\/wp-json\/wp\/v2\/product_tag?post=7061"}],"curies":[{"name":"wp","href":"https:\/\/api.w.org\/{rel}","templated":true}]}}