{"id":6978,"date":"2025-10-13T03:43:39","date_gmt":"2025-10-13T03:43:39","guid":{"rendered":"https:\/\/reanybikes.com\/product\/panier-urbain\/"},"modified":"2025-10-13T03:43:39","modified_gmt":"2025-10-13T03:43:39","slug":"panier-urbain","status":"publish","type":"product","link":"https:\/\/reanybikes.com\/fr\/product\/panier-urbain\/","title":{"rendered":"Panier urbain"},"content":{"rendered":"<h2>Compatible avec<\/h2>\n<ul>\n<li>W1GT\/N1 GT, W1\/N1\/V1, V1VIVO<\/li>\n<\/ul>\n<h2>Faits saillants<\/h2>\n<p>Que ce soit pour faire les courses ou pour une balade en ville, ce panier maintient vos essentiels en s\u00e9curit\u00e9 et facilite votre trajet. L\u00e9ger, r\u00e9sistant aux intemp\u00e9ries et facile \u00e0 installer, il reste fermement en place m\u00eame sur les routes accident\u00e9es, avec un design \u00e9l\u00e9gant qui s&rsquo;adapte \u00e0 tous les v\u00e9los.<br \/>\nRemarque : Ce panier avant n\u00e9cessite le <strong><a href=\"https:\/\/reanybikes.com\/en\/product\/front-rack-slim\/\">Porte-bagages avant Slim<\/a>.<\/strong> <\/p>\n<h2>Sp\u00e9cifications<\/h2>\n<p>Dimensions : 305*288*171 mm<\/p>\n<p>Capacit\u00e9 int\u00e9rieure : 8,2 L<\/p>\n<p>Mat\u00e9riau : PP<\/p>\n<p>Poids : 0,5 kg<\/p>\n<p>Charge maximale : 10 kg<\/p>\n<p>Couleur : noir<\/p>\n<p>&nbsp;<\/p>\n","protected":false},"excerpt":{"rendered":"<p>Transportez plus, inqui\u00e9tez-vous moins, roulez facilement.<\/p>\n<p>Que ce soit pour faire les courses ou pour une balade en ville, ce panier maintient vos essentiels en s\u00e9curit\u00e9 et facilite votre trajet. L\u00e9ger, r\u00e9sistant aux intemp\u00e9ries et facile \u00e0 installer, il reste fermement en place m\u00eame sur les routes accident\u00e9es, avec un design \u00e9l\u00e9gant qui s&rsquo;adapte \u00e0 tous les v\u00e9los. <\/p>\n","protected":false},"featured_media":6268,"comment_status":"closed","ping_status":"closed","template":"","meta":{"_acf_changed":false},"product_brand":[72],"product_cat":[214,187],"product_tag":[],"class_list":{"0":"post-6978","1":"product","2":"type-product","3":"status-publish","4":"has-post-thumbnail","6":"product_brand-reanybikes","7":"product_cat-commuter","8":"product_cat-accessoires","9":"product_shipping_class-accessoires","11":"first","12":"instock","13":"taxable","14":"shipping-taxable","15":"purchasable","16":"product-type-simple"},"acf":[],"jetpack_sharing_enabled":true,"_links":{"self":[{"href":"https:\/\/reanybikes.com\/fr\/wp-json\/wp\/v2\/product\/6978","targetHints":{"allow":["GET"]}}],"collection":[{"href":"https:\/\/reanybikes.com\/fr\/wp-json\/wp\/v2\/product"}],"about":[{"href":"https:\/\/reanybikes.com\/fr\/wp-json\/wp\/v2\/types\/product"}],"replies":[{"embeddable":true,"href":"https:\/\/reanybikes.com\/fr\/wp-json\/wp\/v2\/comments?post=6978"}],"wp:featuredmedia":[{"embeddable":true,"href":"https:\/\/reanybikes.com\/fr\/wp-json\/wp\/v2\/media\/6268"}],"wp:attachment":[{"href":"https:\/\/reanybikes.com\/fr\/wp-json\/wp\/v2\/media?parent=6978"}],"wp:term":[{"taxonomy":"product_brand","embeddable":true,"href":"https:\/\/reanybikes.com\/fr\/wp-json\/wp\/v2\/product_brand?post=6978"},{"taxonomy":"product_cat","embeddable":true,"href":"https:\/\/reanybikes.com\/fr\/wp-json\/wp\/v2\/product_cat?post=6978"},{"taxonomy":"product_tag","embeddable":true,"href":"https:\/\/reanybikes.com\/fr\/wp-json\/wp\/v2\/product_tag?post=6978"}],"curies":[{"name":"wp","href":"https:\/\/api.w.org\/{rel}","templated":true}]}}