{"id":3190,"date":"2025-02-24T10:57:46","date_gmt":"2025-02-24T10:57:46","guid":{"rendered":"http:\/\/reanybikes.com\/product\/porte-bagages-avant-mince\/"},"modified":"2025-03-24T15:30:12","modified_gmt":"2025-03-24T15:30:12","slug":"porte-bagages-avant-mince","status":"publish","type":"product","link":"https:\/\/reanybikes.com\/fr\/product\/porte-bagages-avant-mince\/","title":{"rendered":"Porte-bagages avant mince"},"content":{"rendered":"<h2>Compatible avec<\/h2>\n<p>W1\/N1 GT, W1\/N1\/V1<\/p>\n<h2>Faits saillants<\/h2>\n<ul>\n<li>La capacit\u00e9 de charge maximale est de 15 kg<\/li>\n<li>maintient votre lumi\u00e8re avant d\u00e9gag\u00e9e<\/li>\n<li>Facile \u00e0 assembler avec 4 boulons<\/li>\n<li>Un design sans couture pour s\u2019adapter \u00e0 votre v\u00e9lo REANY<\/li>\n<\/ul>\n<h2>Sp\u00e9cifications<\/h2>\n<p>Dimensions&nbsp;: 305 * 165 * 101 mm<br \/>\nCouleur : noir<\/p>\n","protected":false},"excerpt":{"rendered":"<p>Le porte-bagages avant est un porte-bagages mince et robuste con\u00e7u pour \u00eatre mont\u00e9 directement sur le cadre du v\u00e9lo, offrant stabilit\u00e9 et maniabilit\u00e9 lors du transport de charges lourdes. Ce support a une bonne compatibilit\u00e9 polyvalente, compatible avec la plupart des types de sacs et de paniers. <\/p>\n","protected":false},"featured_media":3884,"comment_status":"closed","ping_status":"closed","template":"","meta":{"_acf_changed":false},"product_brand":[72],"product_cat":[187,214],"product_tag":[],"class_list":{"0":"post-3190","1":"product","2":"type-product","3":"status-publish","4":"has-post-thumbnail","6":"product_brand-reanybikes","7":"product_cat-accessoires","8":"product_cat-commuter","9":"product_shipping_class-accessoires","11":"first","12":"instock","13":"taxable","14":"shipping-taxable","15":"purchasable","16":"product-type-simple"},"acf":[],"jetpack_sharing_enabled":true,"_links":{"self":[{"href":"https:\/\/reanybikes.com\/fr\/wp-json\/wp\/v2\/product\/3190","targetHints":{"allow":["GET"]}}],"collection":[{"href":"https:\/\/reanybikes.com\/fr\/wp-json\/wp\/v2\/product"}],"about":[{"href":"https:\/\/reanybikes.com\/fr\/wp-json\/wp\/v2\/types\/product"}],"replies":[{"embeddable":true,"href":"https:\/\/reanybikes.com\/fr\/wp-json\/wp\/v2\/comments?post=3190"}],"wp:featuredmedia":[{"embeddable":true,"href":"https:\/\/reanybikes.com\/fr\/wp-json\/wp\/v2\/media\/3884"}],"wp:attachment":[{"href":"https:\/\/reanybikes.com\/fr\/wp-json\/wp\/v2\/media?parent=3190"}],"wp:term":[{"taxonomy":"product_brand","embeddable":true,"href":"https:\/\/reanybikes.com\/fr\/wp-json\/wp\/v2\/product_brand?post=3190"},{"taxonomy":"product_cat","embeddable":true,"href":"https:\/\/reanybikes.com\/fr\/wp-json\/wp\/v2\/product_cat?post=3190"},{"taxonomy":"product_tag","embeddable":true,"href":"https:\/\/reanybikes.com\/fr\/wp-json\/wp\/v2\/product_tag?post=3190"}],"curies":[{"name":"wp","href":"https:\/\/api.w.org\/{rel}","templated":true}]}}