{"id":3166,"date":"2025-02-24T10:59:36","date_gmt":"2025-02-24T10:59:36","guid":{"rendered":"http:\/\/reanybikes.com\/product\/porte-bagages-avant-large\/"},"modified":"2026-05-07T02:02:53","modified_gmt":"2026-05-07T02:02:53","slug":"porte-bagages-avant-large","status":"publish","type":"product","link":"https:\/\/reanybikes.com\/fr\/product\/porte-bagages-avant-large\/","title":{"rendered":"Porte-bagages avant Large"},"content":{"rendered":"<h2>Compatible avec<\/h2>\n<ul>\n<li>W1\/N1 GT, W1\/N1\/V1<\/li>\n<\/ul>\n<h2>Faits saillants<\/h2>\n<ul>\n<li>Son design \u00e9l\u00e9gant lui permet de transporter jusqu\u2019\u00e0 15 kilogrammes, ce qui le rend id\u00e9al pour tous les types de trajets<\/li>\n<li>maintient votre lumi\u00e8re avant d\u00e9gag\u00e9e<\/li>\n<li>Facile \u00e0 assembler avec 4 boulons<\/li>\n<li>Un design sans couture pour s\u2019adapter \u00e0 votre v\u00e9lo REANY<\/li>\n<\/ul>\n<h2>Sp\u00e9cifications<\/h2>\n<p>Dimensions&nbsp;: 362 * 280 * 142 mm<br \/>\nCouleur : noir<\/p>\n","protected":false},"excerpt":{"rendered":"<p>Le porte-bagages avant Large est un accessoire pratique et \u00e9pur\u00e9 con\u00e7u sp\u00e9cifiquement pour les v\u00e9los Reany. Il est dot\u00e9 d\u2019un support direct boulonn\u00e9 qui s\u2019int\u00e8gre parfaitement \u00e0 nos mod\u00e8les, vous permettant de transporter des courses, des effets personnels ou d\u2019autres articles avec facilit\u00e9 et stabilit\u00e9. <\/p>\n","protected":false},"featured_media":2013,"comment_status":"closed","ping_status":"closed","template":"","meta":{"_acf_changed":false},"product_brand":[],"product_cat":[187,214],"product_tag":[],"class_list":{"0":"post-3166","1":"product","2":"type-product","3":"status-publish","4":"has-post-thumbnail","6":"product_cat-accessoires","7":"product_cat-commuter","8":"product_shipping_class-accessoires","10":"first","11":"outofstock","12":"taxable","13":"shipping-taxable","14":"purchasable","15":"product-type-simple"},"acf":[],"jetpack_sharing_enabled":true,"_links":{"self":[{"href":"https:\/\/reanybikes.com\/fr\/wp-json\/wp\/v2\/product\/3166","targetHints":{"allow":["GET"]}}],"collection":[{"href":"https:\/\/reanybikes.com\/fr\/wp-json\/wp\/v2\/product"}],"about":[{"href":"https:\/\/reanybikes.com\/fr\/wp-json\/wp\/v2\/types\/product"}],"replies":[{"embeddable":true,"href":"https:\/\/reanybikes.com\/fr\/wp-json\/wp\/v2\/comments?post=3166"}],"wp:featuredmedia":[{"embeddable":true,"href":"https:\/\/reanybikes.com\/fr\/wp-json\/wp\/v2\/media\/2013"}],"wp:attachment":[{"href":"https:\/\/reanybikes.com\/fr\/wp-json\/wp\/v2\/media?parent=3166"}],"wp:term":[{"taxonomy":"product_brand","embeddable":true,"href":"https:\/\/reanybikes.com\/fr\/wp-json\/wp\/v2\/product_brand?post=3166"},{"taxonomy":"product_cat","embeddable":true,"href":"https:\/\/reanybikes.com\/fr\/wp-json\/wp\/v2\/product_cat?post=3166"},{"taxonomy":"product_tag","embeddable":true,"href":"https:\/\/reanybikes.com\/fr\/wp-json\/wp\/v2\/product_tag?post=3166"}],"curies":[{"name":"wp","href":"https:\/\/api.w.org\/{rel}","templated":true}]}}