{"id":3159,"date":"2025-02-24T10:56:51","date_gmt":"2025-02-24T10:56:51","guid":{"rendered":"http:\/\/reanybikes.com\/product\/base-de-porte-bagages-arriere-n\/"},"modified":"2025-02-24T10:56:51","modified_gmt":"2025-02-24T10:56:51","slug":"base-de-porte-bagages-arriere-n","status":"publish","type":"product","link":"https:\/\/reanybikes.com\/fr\/produit\/base-de-porte-bagages-arriere-n\/","title":{"rendered":"Base de porte-bagages arri\u00e8re N"},"content":{"rendered":"<h2>Compatible avec<\/h2>\n<p>Convient \u00e0 tous les mod\u00e8les Reany<\/p>\n<h2>Faits saillants<\/h2>\n<ul>\n<li>La capacit\u00e9 de charge maximale est de 18 kg<\/li>\n<li>Facile \u00e0 assembler avec 4 boulons<\/li>\n<li>Un design sans couture pour s\u2019adapter \u00e0 vos v\u00e9los Reany<\/li>\n<\/ul>\n<h2>Sp\u00e9cifications<\/h2>\n<p>Dimensions&nbsp;: 360*456*209 mm,<br \/>\nPoids : 735g<br \/>\nCouleur : noir<\/p>\n","protected":false},"excerpt":{"rendered":"<p>Le porte-bagages arri\u00e8re monobloc est un accessoire essentiel pour augmenter<br \/>\nla capacit\u00e9 de charge de votre v\u00e9lo. Con\u00e7u pour s\u2019int\u00e9grer parfaitement \u00e0 vos mod\u00e8les Reany Bikes en deux tailles optionnelles, ce porte-bagages arri\u00e8re offre une plate-forme robuste pour le transport, ce qui en fait un ajout id\u00e9al pour les familles, les navetteurs et les aventuriers urbains. <\/p>\n","protected":false},"featured_media":2028,"comment_status":"closed","ping_status":"closed","template":"","meta":{"_acf_changed":false},"product_brand":[72],"product_cat":[187,214],"product_tag":[],"class_list":{"0":"post-3159","1":"product","2":"type-product","3":"status-publish","4":"has-post-thumbnail","6":"product_brand-reanybikes","7":"product_cat-accessoires","8":"product_cat-commuter","9":"product_shipping_class-accessoires","11":"first","12":"instock","13":"taxable","14":"shipping-taxable","15":"purchasable","16":"product-type-simple"},"acf":[],"jetpack_sharing_enabled":true,"_links":{"self":[{"href":"https:\/\/reanybikes.com\/fr\/wp-json\/wp\/v2\/product\/3159","targetHints":{"allow":["GET"]}}],"collection":[{"href":"https:\/\/reanybikes.com\/fr\/wp-json\/wp\/v2\/product"}],"about":[{"href":"https:\/\/reanybikes.com\/fr\/wp-json\/wp\/v2\/types\/product"}],"replies":[{"embeddable":true,"href":"https:\/\/reanybikes.com\/fr\/wp-json\/wp\/v2\/comments?post=3159"}],"wp:featuredmedia":[{"embeddable":true,"href":"https:\/\/reanybikes.com\/fr\/wp-json\/wp\/v2\/media\/2028"}],"wp:attachment":[{"href":"https:\/\/reanybikes.com\/fr\/wp-json\/wp\/v2\/media?parent=3159"}],"wp:term":[{"taxonomy":"product_brand","embeddable":true,"href":"https:\/\/reanybikes.com\/fr\/wp-json\/wp\/v2\/product_brand?post=3159"},{"taxonomy":"product_cat","embeddable":true,"href":"https:\/\/reanybikes.com\/fr\/wp-json\/wp\/v2\/product_cat?post=3159"},{"taxonomy":"product_tag","embeddable":true,"href":"https:\/\/reanybikes.com\/fr\/wp-json\/wp\/v2\/product_tag?post=3159"}],"curies":[{"name":"wp","href":"https:\/\/api.w.org\/{rel}","templated":true}]}}