{"id":3139,"date":"2025-02-24T11:03:29","date_gmt":"2025-02-24T11:03:29","guid":{"rendered":"http:\/\/reanybikes.com\/product\/chargeur-rapide-4a\/"},"modified":"2025-07-14T11:42:47","modified_gmt":"2025-07-14T11:42:47","slug":"chargeur-rapide-4a","status":"publish","type":"product","link":"https:\/\/reanybikes.com\/fr\/product\/chargeur-rapide-4a\/","title":{"rendered":"Chargeur rapide 4A"},"content":{"rendered":"<h2>Compatible avec<\/h2>\n<ul>\n<li>Convient \u00e0 tous les mod\u00e8les Reany<\/li>\n<\/ul>\n<h2>Faits saillants<\/h2>\n<ul>\n<li>Con\u00e7u sur mesure<\/li>\n<li>Charge compl\u00e8te en jusqu\u2019\u00e0 2,5 heures<\/li>\n<\/ul>\n<h2>Sp\u00e9cifications<\/h2>\n<p>Puissance : 36V \/ 4A<br \/>\nDimensions&nbsp;: 180 * 80 * 40 mm<br \/>\nPoids : 700g<br \/>\nLongueur de la prise vers l\u2019adaptateur d\u2019alimentation : ?? cm (59,05 po)<br \/>\nAdaptateur secteur pour v\u00e9lo Longueur : 100 cm (39,37 po)<br \/>\n2 LED de couleur (rouge et verte)<br \/>\nCouleur : noir<\/p>\n","protected":false},"excerpt":{"rendered":"<p>Offrez une charge rapide, efficace et s\u00fbre \u00e0 la maison, au bureau ou en d\u00e9placement (IPX5). Associez-le \u00e0 nos v\u00e9los \u00e9lectriques ou \u00e0 la batterie retir\u00e9e pour une charge rapide en 2,5 heures maximum <\/p>\n","protected":false},"featured_media":2008,"comment_status":"closed","ping_status":"closed","template":"","meta":{"_acf_changed":false},"product_brand":[72],"product_cat":[187,214],"product_tag":[],"class_list":{"0":"post-3139","1":"product","2":"type-product","3":"status-publish","4":"has-post-thumbnail","6":"product_brand-reanybikes","7":"product_cat-accessoires","8":"product_cat-commuter","9":"product_shipping_class-accessoires","11":"first","12":"instock","13":"taxable","14":"shipping-taxable","15":"purchasable","16":"product-type-simple"},"acf":[],"jetpack_sharing_enabled":true,"_links":{"self":[{"href":"https:\/\/reanybikes.com\/fr\/wp-json\/wp\/v2\/product\/3139","targetHints":{"allow":["GET"]}}],"collection":[{"href":"https:\/\/reanybikes.com\/fr\/wp-json\/wp\/v2\/product"}],"about":[{"href":"https:\/\/reanybikes.com\/fr\/wp-json\/wp\/v2\/types\/product"}],"replies":[{"embeddable":true,"href":"https:\/\/reanybikes.com\/fr\/wp-json\/wp\/v2\/comments?post=3139"}],"wp:featuredmedia":[{"embeddable":true,"href":"https:\/\/reanybikes.com\/fr\/wp-json\/wp\/v2\/media\/2008"}],"wp:attachment":[{"href":"https:\/\/reanybikes.com\/fr\/wp-json\/wp\/v2\/media?parent=3139"}],"wp:term":[{"taxonomy":"product_brand","embeddable":true,"href":"https:\/\/reanybikes.com\/fr\/wp-json\/wp\/v2\/product_brand?post=3139"},{"taxonomy":"product_cat","embeddable":true,"href":"https:\/\/reanybikes.com\/fr\/wp-json\/wp\/v2\/product_cat?post=3139"},{"taxonomy":"product_tag","embeddable":true,"href":"https:\/\/reanybikes.com\/fr\/wp-json\/wp\/v2\/product_tag?post=3139"}],"curies":[{"name":"wp","href":"https:\/\/api.w.org\/{rel}","templated":true}]}}