{"id":3461,"date":"2023-12-18T15:33:19","date_gmt":"2023-12-18T15:33:19","guid":{"rendered":"https:\/\/reanybikes.com\/politique-de-cookies\/"},"modified":"2025-03-18T15:18:02","modified_gmt":"2025-03-18T15:18:02","slug":"politique-de-cookies","status":"publish","type":"page","link":"https:\/\/reanybikes.com\/fr\/politique-de-cookies\/","title":{"rendered":"Politique de cookies"},"content":{"rendered":"<p>Derni\u00e8re modification : 12 mars 2025<br \/>\nDate d\u2019entr\u00e9e en vigueur : 25 mars 2025<\/p>\n<p>Chez REANY Bikes, nous nous engageons \u00e0 prot\u00e9ger votre vie priv\u00e9e et \u00e0 faire en sorte que votre exp\u00e9rience en ligne soit s\u00fbre et agr\u00e9able. Cette politique en mati\u00e8re de cookies explique ce que sont les cookies, comment nous les utilisons et comment vous pouvez les g\u00e9rer lorsque vous visitez notre site Web, <b>www.reanybikes.com<\/b> (\u00ab Site Web \u00bb).<\/p>\n<p>En utilisant notre site Web, vous consentez \u00e0 l\u2019utilisation de cookies conform\u00e9ment \u00e0 la pr\u00e9sente politique. Cependant, vous avez le droit de <b>g\u00e9rer et de contr\u00f4ler vos pr\u00e9f\u00e9rences en mati\u00e8re de cookies<\/b> via notre page <b>Param\u00e8tres des cookies<\/b> ou les param\u00e8tres de votre navigateur.<\/p>\n<h2><b>1. Que sont les cookies ?<\/b><\/h2>\n<p>Les cookies sont de petits fichiers texte qui sont plac\u00e9s sur votre appareil (ordinateur, smartphone ou tablette) lorsque vous visitez un site web. Ils aident les sites Web \u00e0 fonctionner correctement, am\u00e9liorent l\u2019exp\u00e9rience utilisateur et fournissent des informations aux propri\u00e9taires de sites Web.<\/p>\n<p>Les cookies peuvent \u00eatre :<\/p>\n<ul>\n<li><b>Cookies de session<\/b> (supprim\u00e9s lorsque vous fermez votre navigateur).<\/li>\n<li><b>Cookies persistants<\/b> (stock\u00e9s pendant une p\u00e9riode sp\u00e9cifique ou jusqu\u2019\u00e0 ce qu\u2019ils soient supprim\u00e9s manuellement).<\/li>\n<\/ul>\n<h2><b>2. Comment nous utilisons les cookies<\/b><\/h2>\n<p>Nous utilisons des cookies aux fins suivantes :<\/p>\n<h3><b>2.1 Cookies essentiels (strictement n\u00e9cessaires)<\/b><\/h3>\n<p>Ces cookies sont n\u00e9cessaires au bon fonctionnement de notre site Web. Ils activent des fonctionnalit\u00e9s de base telles que la s\u00e9curit\u00e9, la gestion du r\u00e9seau et l\u2019accessibilit\u00e9. Vous ne pouvez pas d\u00e9sactiver ces cookies.<\/p>\n<h3><b>2.2 Cookies de performance (Analytics)<\/b><\/h3>\n<p>Ces cookies nous aident \u00e0 comprendre comment les visiteurs interagissent avec notre site Web en collectant et en rapportant des informations de mani\u00e8re anonyme. Par exemple, nous utilisons Google Analytics pour savoir quelles pages sont les plus populaires et combien de temps les visiteurs restent sur notre site.<\/p>\n<h3><b>2.3 Cookies fonctionnels<\/b><\/h3>\n<p>Ces cookies m\u00e9morisent vos pr\u00e9f\u00e9rences (telles que les param\u00e8tres de langue et de r\u00e9gion) afin d\u2019am\u00e9liorer votre exp\u00e9rience sur notre site Web.<\/p>\n<h3><b>2.4 Cookies de ciblage\/publicit\u00e9<\/b><\/h3>\n<p>Ces cookies suivent votre activit\u00e9 de navigation et peuvent \u00eatre utilis\u00e9s pour vous proposer des publicit\u00e9s pertinentes en fonction de vos int\u00e9r\u00eats. Ils peuvent \u00e9galement \u00eatre utilis\u00e9s pour limiter le nombre de fois que vous voyez une publicit\u00e9 et mesurer l\u2019efficacit\u00e9 de la publicit\u00e9. Ces cookies sont plac\u00e9s par des r\u00e9seaux tiers.<\/p>\n<h2><b>3. Cookies que nous utilisons<\/b><\/h2>\n<p>Vous trouverez ci-dessous une liste des cookies utilis\u00e9s sur notre site Web :<\/p>\n<p>cookieutilisateur<\/p>\n<table>\n<tbody>\n<tr>\n<td><b>Nom du<\/b><\/td>\n<td><b>But<\/b><\/td>\n<td><b>Type<\/b><\/td>\n<td><b>P\u00e9riode de conservation<\/b><\/td>\n<\/tr>\n<tr>\n<td>_ga<\/td>\n<td>Suivi des visites des utilisateurs (Google Analytics)<\/td>\n<td>Performance<\/td>\n<td>2 ans<\/td>\n<\/tr>\n<tr>\n<td>_fbp<\/td>\n<td>Suivi Facebook pour les publicit\u00e9s<\/td>\n<td>Ciblage<\/td>\n<td>3 mois<\/td>\n<\/tr>\n<tr>\n<td>session_id<\/td>\n<td>Maintient la session<\/td>\n<td>Essentiel<\/td>\n<td>Session uniquement<\/td>\n<\/tr>\n<\/tbody>\n<\/table>\n<p>Certains cookies sont plac\u00e9s par <b>des fournisseurs tiers<\/b>, tels que :<\/p>\n<ul>\n<li><b>Google Analytics<\/b> (Politique de confidentialit\u00e9)<\/li>\n<li><b>Facebook Pixel<\/b> (<a href=\"https:\/\/www.facebook.com\/policy.php\" target=\"_blank\" rel=\"noopener\">Politique de confidentialit\u00e9<\/a>)<\/li>\n<\/ul>\n<h2><b>4. Base juridique du traitement des cookies (conformit\u00e9 au RGPD)<\/b><\/h2>\n<p>Conform\u00e9ment <b>\u00e0 l\u2019article 6 du R\u00e8glement g\u00e9n\u00e9ral sur la protection des donn\u00e9es (RGPD),<\/b> nous traitons les cookies bas\u00e9s sur :<\/p>\n<ul>\n<li><b>Int\u00e9r\u00eat l\u00e9gitime<\/b> : Cookies essentiels n\u00e9cessaires au fonctionnement du site Web.<\/li>\n<li><b>Consentement de l\u2019utilisateur<\/b> : Les cookies non essentiels (cookies analytiques, de ciblage et fonctionnels) n\u00e9cessitent un consentement explicite avant d\u2019\u00eatre d\u00e9finis.<\/li>\n<\/ul>\n<p>Il vous sera demand\u00e9 <b>d\u2019accepter ou de refuser<\/b> les cookies non essentiels lors de votre premi\u00e8re visite sur notre site Web.<\/p>\n<h2><b>5. Gestion et d\u00e9sactivation des cookies<\/b><\/h2>\n<p>Vous pouvez g\u00e9rer les cookies de la mani\u00e8re suivante :<\/p>\n<h3><b>5.1 Param\u00e8tres des cookies du site Web<\/b><\/h3>\n<p>Vous pouvez modifier vos pr\u00e9f\u00e9rences en mati\u00e8re de cookies \u00e0 tout moment via notre <b>[Cookie Settings]<\/b> page.<\/p>\n<h3><b>5.2 Param\u00e8tres du navigateur<\/b><\/h3>\n<p>Vous pouvez d\u00e9sactiver les cookies via les param\u00e8tres de votre navigateur :<\/p>\n<ul>\n<li>Google Chrome<\/li>\n<li><a href=\"https:\/\/support.mozilla.org\/en-US\/kb\/enable-and-disable-cookies-website-preferences\" target=\"_blank\" rel=\"noopener\">Mozilla Firefox<\/a><\/li>\n<li><a href=\"https:\/\/support.apple.com\/en-us\/HT201265\" target=\"_blank\" rel=\"noopener\">Safari<\/a><\/li>\n<li><a href=\"https:\/\/support.microsoft.com\/en-us\/help\/4027947\/microsoft-edge-delete-cookies\" target=\"_blank\" rel=\"noopener\">Bord Microsoft<\/a><\/li>\n<\/ul>\n<h3><b>5.3 D\u00e9sactivation de la publicit\u00e9 cibl\u00e9e<\/b><\/h3>\n<p>Vous pouvez d\u00e9sactiver la publicit\u00e9 cibl\u00e9e via :<\/p>\n<ul>\n<li><a href=\"https:\/\/www.youronlinechoices.com\/\" target=\"_blank\" rel=\"noopener\">Vos choix en ligne (UE)<\/a><\/li>\n<li>Initiative de publicit\u00e9 en r\u00e9seau (NAI)<\/li>\n<li>Alliance pour la publicit\u00e9 num\u00e9rique (DAA)<\/li>\n<\/ul>\n<h2><b>6. Modifications de la pr\u00e9sente politique en mati\u00e8re de cookies<\/b><\/h2>\n<p>Nous pouvons mettre \u00e0 jour cette politique de cookies p\u00e9riodiquement. Tout changement important sera publi\u00e9 sur notre site Web. L\u2019utilisation continue du site Web apr\u00e8s l\u2019entr\u00e9e en vigueur des modifications indique votre acceptation de la politique r\u00e9vis\u00e9e.<\/p>\n<h2><b>7. Contactez-nous<\/b><\/h2>\n<p>Si vous avez des questions ou des pr\u00e9occupations concernant la pr\u00e9sente politique en mati\u00e8re de cookies ou notre utilisation des cookies, veuillez nous contacter \u00e0 l\u2019adresse suivante :<\/p>\n<p>Reany Bikes Europe par MISSINGLNK B.V.<\/p>\n<p>Num\u00e9ro d\u2019entreprise : 93284594<br \/>\nAdresse : De Veiling 8C, 6671 MG, Zetten, Pays-Bas<\/p>\n<p>Courriel : <a href=\"mailto:support@reanybikes.com\">support@reanybikes.com<\/a><\/p>\n","protected":false},"excerpt":{"rendered":"<p>Derni\u00e8re modification : 12 mars 2025 Date d\u2019entr\u00e9e en vigueur : 25 mars 2025 Chez REANY Bikes, nous nous engageons \u00e0 prot\u00e9ger votre vie priv\u00e9e et \u00e0 faire en sorte &hellip;<\/p>\n","protected":false},"author":1,"featured_media":0,"parent":0,"menu_order":0,"comment_status":"closed","ping_status":"closed","template":"page-templates\/page-with-menu.php","meta":{"_acf_changed":false,"footnotes":""},"class_list":["post-3461","page","type-page","status-publish","hentry"],"acf":[],"jetpack_sharing_enabled":true,"_links":{"self":[{"href":"https:\/\/reanybikes.com\/fr\/wp-json\/wp\/v2\/pages\/3461","targetHints":{"allow":["GET"]}}],"collection":[{"href":"https:\/\/reanybikes.com\/fr\/wp-json\/wp\/v2\/pages"}],"about":[{"href":"https:\/\/reanybikes.com\/fr\/wp-json\/wp\/v2\/types\/page"}],"author":[{"embeddable":true,"href":"https:\/\/reanybikes.com\/fr\/wp-json\/wp\/v2\/users\/1"}],"replies":[{"embeddable":true,"href":"https:\/\/reanybikes.com\/fr\/wp-json\/wp\/v2\/comments?post=3461"}],"version-history":[{"count":0,"href":"https:\/\/reanybikes.com\/fr\/wp-json\/wp\/v2\/pages\/3461\/revisions"}],"wp:attachment":[{"href":"https:\/\/reanybikes.com\/fr\/wp-json\/wp\/v2\/media?parent=3461"}],"curies":[{"name":"wp","href":"https:\/\/api.w.org\/{rel}","templated":true}]}}