{"id":3406,"date":"2025-02-27T16:33:43","date_gmt":"2025-02-27T16:33:43","guid":{"rendered":"https:\/\/reanybikes.com\/votre-velo-electrique-ideal\/"},"modified":"2025-03-18T10:20:19","modified_gmt":"2025-03-18T10:20:19","slug":"votre-velo-electrique-ideal","status":"publish","type":"page","link":"https:\/\/reanybikes.com\/fr\/votre-velo-electrique-ideal\/","title":{"rendered":"Votre v\u00e9lo \u00e9lectrique id\u00e9al"},"content":{"rendered":"\n<p>Comparez nos mod\u00e8les et trouvez celui qui correspond le mieux \u00e0 votre style<\/p>\n","protected":false},"excerpt":{"rendered":"<p>Comparez nos mod\u00e8les et trouvez celui qui correspond le mieux \u00e0 votre style<\/p>\n","protected":false},"author":1,"featured_media":0,"parent":0,"menu_order":0,"comment_status":"closed","ping_status":"closed","template":"page-templates\/page-compare.php","meta":{"_acf_changed":false,"footnotes":""},"class_list":["post-3406","page","type-page","status-publish","hentry"],"acf":[],"jetpack_sharing_enabled":true,"_links":{"self":[{"href":"https:\/\/reanybikes.com\/fr\/wp-json\/wp\/v2\/pages\/3406","targetHints":{"allow":["GET"]}}],"collection":[{"href":"https:\/\/reanybikes.com\/fr\/wp-json\/wp\/v2\/pages"}],"about":[{"href":"https:\/\/reanybikes.com\/fr\/wp-json\/wp\/v2\/types\/page"}],"author":[{"embeddable":true,"href":"https:\/\/reanybikes.com\/fr\/wp-json\/wp\/v2\/users\/1"}],"replies":[{"embeddable":true,"href":"https:\/\/reanybikes.com\/fr\/wp-json\/wp\/v2\/comments?post=3406"}],"version-history":[{"count":0,"href":"https:\/\/reanybikes.com\/fr\/wp-json\/wp\/v2\/pages\/3406\/revisions"}],"wp:attachment":[{"href":"https:\/\/reanybikes.com\/fr\/wp-json\/wp\/v2\/media?parent=3406"}],"curies":[{"name":"wp","href":"https:\/\/api.w.org\/{rel}","templated":true}]}}