{"id":3371,"date":"2025-02-06T10:07:44","date_gmt":"2025-02-06T10:07:44","guid":{"rendered":"https:\/\/reanybikes.com\/critiques\/"},"modified":"2025-03-18T10:20:19","modified_gmt":"2025-03-18T10:20:19","slug":"critiques","status":"publish","type":"page","link":"https:\/\/reanybikes.com\/fr\/critiques\/","title":{"rendered":"Critiques"},"content":{"rendered":"\n<p>Chez Reany Bikes, la voix de chaque cycliste compte. Vos commentaires stimulent notre innovation et nous inspirent \u00e0 cr\u00e9er des v\u00e9los qui repoussent les limites. Ensemble, nous fa\u00e7onnons l\u2019avenir du cyclisme, une balade \u00e0 la fois.  <\/p>\n","protected":false},"excerpt":{"rendered":"<p>Chez Reany Bikes, la voix de chaque cycliste compte. Vos commentaires stimulent notre innovation et nous inspirent \u00e0 cr\u00e9er des v\u00e9los qui repoussent les limites. Ensemble, nous fa\u00e7onnons l\u2019avenir du &hellip;<\/p>\n","protected":false},"author":1,"featured_media":0,"parent":0,"menu_order":0,"comment_status":"closed","ping_status":"closed","template":"page-templates\/page-reviews.php","meta":{"_acf_changed":false,"footnotes":""},"class_list":["post-3371","page","type-page","status-publish","hentry"],"acf":[],"jetpack_sharing_enabled":true,"_links":{"self":[{"href":"https:\/\/reanybikes.com\/fr\/wp-json\/wp\/v2\/pages\/3371","targetHints":{"allow":["GET"]}}],"collection":[{"href":"https:\/\/reanybikes.com\/fr\/wp-json\/wp\/v2\/pages"}],"about":[{"href":"https:\/\/reanybikes.com\/fr\/wp-json\/wp\/v2\/types\/page"}],"author":[{"embeddable":true,"href":"https:\/\/reanybikes.com\/fr\/wp-json\/wp\/v2\/users\/1"}],"replies":[{"embeddable":true,"href":"https:\/\/reanybikes.com\/fr\/wp-json\/wp\/v2\/comments?post=3371"}],"version-history":[{"count":0,"href":"https:\/\/reanybikes.com\/fr\/wp-json\/wp\/v2\/pages\/3371\/revisions"}],"wp:attachment":[{"href":"https:\/\/reanybikes.com\/fr\/wp-json\/wp\/v2\/media?parent=3371"}],"curies":[{"name":"wp","href":"https:\/\/api.w.org\/{rel}","templated":true}]}}