{"id":7069,"date":"2026-01-07T05:14:12","date_gmt":"2026-01-07T05:14:12","guid":{"rendered":"https:\/\/reanybikes.com\/?post_type=product&#038;p=7069"},"modified":"2026-02-17T15:43:56","modified_gmt":"2026-02-17T15:43:56","slug":"gepacktrager-basis-n-copy-copy","status":"publish","type":"product","link":"https:\/\/reanybikes.com\/de\/product\/gepacktrager-basis-n-copy-copy\/","title":{"rendered":"LoadUp HD Gep\u00e4cktr\u00e4ger hinten W"},"content":{"rendered":"<h2>Kompatibel mit<\/h2>\n<div data-page-id=\"OfzFdla3vocvlGxl6wTc7cIRnBd\" data-lark-html-role=\"root\" data-docx-has-block-data=\"false\">\n<div class=\"ace-line ace-line old-record-id-O3EgdqDUPoXEZpxWn8ecEHWXnBd\">Kompatibel mit: W1 PRO\/ W1\/ V1\/ W1 GT \/ V1 Vivo<\/div>\n<\/div>\n<h2>H\u00f6hepunkte<\/h2>\n<ul>\n<li>ab Mai 2026<\/li>\n<li>Die maximale Tragf\u00e4higkeit betr\u00e4gt 27 kg<\/li>\n<li>Stilvolles Design, das sich nahtlos in die REANY-Fahrradrahmen einf\u00fcgt.<\/li>\n<li>MIK-Standard: Inklusive MIK Rack Top-part HD, Heavy-Duty-Schnittstelle, zugelassen f\u00fcr Kindersitze<\/li>\n<li>Vielseitigkeit auf einer Plattform: Wechseln Sie in Sekundenschnelle zwischen Packtaschen, Kisten und Kindersitzen \u2013 ohne Werkzeug.<\/li>\n<\/ul>\n<h2>Leistungsbeschreibung<\/h2>\n<p>Farbe: Schwarz<br \/>\nMaximale Last: 27 kg (zertifiziert)<br \/>\nKompatibilit\u00e4t: Alle MIK- und MIK HD-Zubeh\u00f6rteile (Packtaschen, Kindersitze, K\u00f6rbe usw.)<\/p>\n","protected":false},"excerpt":{"rendered":"<div data-page-id=\"OfzFdla3vocvlGxl6wTc7cIRnBd\" data-lark-html-role=\"root\" data-docx-has-block-data=\"false\">\n<div class=\"ace-line ace-line old-record-id-WNCGduGLaowXg4xGt6hcERjYnHf\">Der robuste LoadUp HD Gep\u00e4cktr\u00e4ger hinten W wurde getestet, um sicher 27 kg zu tragen, und l\u00e4sst sich nahtlos in Ihr Reany-Fahrrad integrieren. Mit der integrierten MIK HD-Plattform \u2013 dem Heavy-Duty-Standard, der f\u00fcr Kindersitze zugelassen ist \u2013 sind keine Adapter erforderlich, um Packtaschen sicher einzuklicken, einen Kindersitz zu verriegeln oder einen Korb in Sekundenschnelle zu montieren. Er ist die komplette, sofort einsatzbereite Basis f\u00fcr alles, von Wochenendausfl\u00fcgen bis hin zu Familienbesorgungen. Reisen Sie selbstbewusst, mit mehr. Ihr Fahrrad, komplett ausgestattet.<\/div>\n<\/div>\n<div><\/div>\n<div>Ab Mai 2026<\/div>\n","protected":false},"featured_media":7075,"comment_status":"closed","ping_status":"closed","template":"","meta":{"_acf_changed":false},"product_brand":[72],"product_cat":[184,207],"product_tag":[],"class_list":{"0":"post-7069","1":"product","2":"type-product","3":"status-publish","4":"has-post-thumbnail","6":"product_brand-reanybikes","7":"product_cat-zubehor","8":"product_cat-pendeln","9":"product_shipping_class-zubehor","11":"first","12":"onbackorder","13":"taxable","14":"shipping-taxable","15":"purchasable","16":"product-type-simple"},"acf":[],"jetpack_sharing_enabled":true,"_links":{"self":[{"href":"https:\/\/reanybikes.com\/de\/wp-json\/wp\/v2\/product\/7069","targetHints":{"allow":["GET"]}}],"collection":[{"href":"https:\/\/reanybikes.com\/de\/wp-json\/wp\/v2\/product"}],"about":[{"href":"https:\/\/reanybikes.com\/de\/wp-json\/wp\/v2\/types\/product"}],"replies":[{"embeddable":true,"href":"https:\/\/reanybikes.com\/de\/wp-json\/wp\/v2\/comments?post=7069"}],"wp:featuredmedia":[{"embeddable":true,"href":"https:\/\/reanybikes.com\/de\/wp-json\/wp\/v2\/media\/7075"}],"wp:attachment":[{"href":"https:\/\/reanybikes.com\/de\/wp-json\/wp\/v2\/media?parent=7069"}],"wp:term":[{"taxonomy":"product_brand","embeddable":true,"href":"https:\/\/reanybikes.com\/de\/wp-json\/wp\/v2\/product_brand?post=7069"},{"taxonomy":"product_cat","embeddable":true,"href":"https:\/\/reanybikes.com\/de\/wp-json\/wp\/v2\/product_cat?post=7069"},{"taxonomy":"product_tag","embeddable":true,"href":"https:\/\/reanybikes.com\/de\/wp-json\/wp\/v2\/product_tag?post=7069"}],"curies":[{"name":"wp","href":"https:\/\/api.w.org\/{rel}","templated":true}]}}