{"id":3198,"date":"2025-01-28T15:28:35","date_gmt":"2025-01-28T15:28:35","guid":{"rendered":"http:\/\/reanybikes.com\/product\/gepaecktraeger-basis-w\/"},"modified":"2025-01-28T15:28:35","modified_gmt":"2025-01-28T15:28:35","slug":"gepaecktraeger-basis-w","status":"publish","type":"product","link":"https:\/\/reanybikes.com\/de\/produkt\/gepaecktraeger-basis-w\/","title":{"rendered":"Gep\u00e4cktr\u00e4ger-Basis W"},"content":{"rendered":"<h2>Kompatibel mit<\/h2>\n<ul>\n<li>Passend f\u00fcr alle Reany Modelle<\/li>\n<\/ul>\n<h2>H\u00f6hepunkte<\/h2>\n<ul>\n<li>Die maximale Tragf\u00e4higkeit betr\u00e4gt 18 kg<\/li>\n<li>Einfache Montage mit 4 Schrauben<\/li>\n<li>Nahtloses Design, das zu Ihren Reany Bikes passt<\/li>\n<\/ul>\n<h2>Leistungsbeschreibung<\/h2>\n<p>Abmessungen: 360 * 471 * 209 mm<br \/>\nGewicht: 735g<br \/>\nFarbe: schwarz<\/p>\n","protected":false},"excerpt":{"rendered":"<p>Der einteilige Hecktr\u00e4ger ist ein unverzichtbares Zubeh\u00f6r, um die Tragf\u00e4higkeit Ihres Fahrrads zu erweitern. Dieser Gep\u00e4cktr\u00e4ger wurde entwickelt, um sich nahtlos in Ihre Reany Bikes-Modelle in zwei optionalen Gr\u00f6\u00dfen zu integrieren, und bietet eine robuste Plattform f\u00fcr den Transport, was ihn zu einer idealen Erg\u00e4nzung f\u00fcr Familien, Pendler und urbane Abenteurer macht. <\/p>\n","protected":false},"featured_media":2034,"comment_status":"closed","ping_status":"closed","template":"","meta":{"_acf_changed":false},"product_brand":[72],"product_cat":[184,207],"product_tag":[],"class_list":{"0":"post-3198","1":"product","2":"type-product","3":"status-publish","4":"has-post-thumbnail","6":"product_brand-reanybikes","7":"product_cat-zubehor","8":"product_cat-pendeln","9":"product_shipping_class-zubehor","11":"first","12":"instock","13":"taxable","14":"shipping-taxable","15":"purchasable","16":"product-type-simple"},"acf":[],"jetpack_sharing_enabled":true,"_links":{"self":[{"href":"https:\/\/reanybikes.com\/de\/wp-json\/wp\/v2\/product\/3198","targetHints":{"allow":["GET"]}}],"collection":[{"href":"https:\/\/reanybikes.com\/de\/wp-json\/wp\/v2\/product"}],"about":[{"href":"https:\/\/reanybikes.com\/de\/wp-json\/wp\/v2\/types\/product"}],"replies":[{"embeddable":true,"href":"https:\/\/reanybikes.com\/de\/wp-json\/wp\/v2\/comments?post=3198"}],"wp:featuredmedia":[{"embeddable":true,"href":"https:\/\/reanybikes.com\/de\/wp-json\/wp\/v2\/media\/2034"}],"wp:attachment":[{"href":"https:\/\/reanybikes.com\/de\/wp-json\/wp\/v2\/media?parent=3198"}],"wp:term":[{"taxonomy":"product_brand","embeddable":true,"href":"https:\/\/reanybikes.com\/de\/wp-json\/wp\/v2\/product_brand?post=3198"},{"taxonomy":"product_cat","embeddable":true,"href":"https:\/\/reanybikes.com\/de\/wp-json\/wp\/v2\/product_cat?post=3198"},{"taxonomy":"product_tag","embeddable":true,"href":"https:\/\/reanybikes.com\/de\/wp-json\/wp\/v2\/product_tag?post=3198"}],"curies":[{"name":"wp","href":"https:\/\/api.w.org\/{rel}","templated":true}]}}