{"id":3192,"date":"2025-02-24T10:59:36","date_gmt":"2025-02-24T10:59:36","guid":{"rendered":"http:\/\/reanybikes.com\/product\/frontgepaecktraeger-gross\/"},"modified":"2025-07-14T11:44:41","modified_gmt":"2025-07-14T11:44:41","slug":"frontgepaecktraeger-gross","status":"publish","type":"product","link":"https:\/\/reanybikes.com\/de\/product\/frontgepaecktraeger-gross\/","title":{"rendered":"Frontgep\u00e4cktr\u00e4ger Gro\u00df"},"content":{"rendered":"<h2>Kompatibel mit<\/h2>\n<ul>\n<li>W1\/N1 GT, W1\/N1\/V1<\/li>\n<\/ul>\n<h2>H\u00f6hepunkte<\/h2>\n<ul>\n<li>Das schlanke Design erm\u00f6glicht den Transport von bis zu 15 Kilogramm und ist damit ideal f\u00fcr alle Arten von Arbeitsfahrten<\/li>\n<li>H\u00e4lt Ihr Frontlicht frei<\/li>\n<li>Einfache Montage mit 4 Schrauben<\/li>\n<li>Nahtloses Design, das zu deinem REANY Bike passt<\/li>\n<\/ul>\n<h2>Leistungsbeschreibung<\/h2>\n<p>Abmessungen: 362 * 280 * 142 mm<br \/>\nFarbe: schwarz<\/p>\n","protected":false},"excerpt":{"rendered":"<p>Der Front Rack Large ist ein praktisches und cleanes Accessoire, das speziell f\u00fcr Reany Bikes entwickelt wurde. Er verf\u00fcgt \u00fcber eine angeschraubte Direkthalterung, die sich nahtlos in unsere Modelle integrieren l\u00e4sst und es Ihnen erm\u00f6glicht, Lebensmittel, Habseligkeiten oder andere Gegenst\u00e4nde einfach und stabil zu transportieren. <\/p>\n","protected":false},"featured_media":2014,"comment_status":"closed","ping_status":"closed","template":"","meta":{"_acf_changed":false},"product_brand":[72],"product_cat":[184,207],"product_tag":[],"class_list":{"0":"post-3192","1":"product","2":"type-product","3":"status-publish","4":"has-post-thumbnail","6":"product_brand-reanybikes","7":"product_cat-zubehor","8":"product_cat-pendeln","9":"product_shipping_class-zubehor","11":"first","12":"instock","13":"taxable","14":"shipping-taxable","15":"purchasable","16":"product-type-simple"},"acf":[],"jetpack_sharing_enabled":true,"_links":{"self":[{"href":"https:\/\/reanybikes.com\/de\/wp-json\/wp\/v2\/product\/3192","targetHints":{"allow":["GET"]}}],"collection":[{"href":"https:\/\/reanybikes.com\/de\/wp-json\/wp\/v2\/product"}],"about":[{"href":"https:\/\/reanybikes.com\/de\/wp-json\/wp\/v2\/types\/product"}],"replies":[{"embeddable":true,"href":"https:\/\/reanybikes.com\/de\/wp-json\/wp\/v2\/comments?post=3192"}],"wp:featuredmedia":[{"embeddable":true,"href":"https:\/\/reanybikes.com\/de\/wp-json\/wp\/v2\/media\/2014"}],"wp:attachment":[{"href":"https:\/\/reanybikes.com\/de\/wp-json\/wp\/v2\/media?parent=3192"}],"wp:term":[{"taxonomy":"product_brand","embeddable":true,"href":"https:\/\/reanybikes.com\/de\/wp-json\/wp\/v2\/product_brand?post=3192"},{"taxonomy":"product_cat","embeddable":true,"href":"https:\/\/reanybikes.com\/de\/wp-json\/wp\/v2\/product_cat?post=3192"},{"taxonomy":"product_tag","embeddable":true,"href":"https:\/\/reanybikes.com\/de\/wp-json\/wp\/v2\/product_tag?post=3192"}],"curies":[{"name":"wp","href":"https:\/\/api.w.org\/{rel}","templated":true}]}}