{"id":3189,"date":"2025-02-24T11:02:16","date_gmt":"2025-02-24T11:02:16","guid":{"rendered":"http:\/\/reanybikes.com\/product\/gefederte-sattelstuetze\/"},"modified":"2025-03-24T15:30:16","modified_gmt":"2025-03-24T15:30:16","slug":"gefederte-sattelstuetze","status":"publish","type":"product","link":"https:\/\/reanybikes.com\/de\/product\/gefederte-sattelstuetze\/","title":{"rendered":"Gefederte Sattelst\u00fctze"},"content":{"rendered":"<h2>Kompatibel mit<\/h2>\n<ul>\n<li>Passend f\u00fcr alle Reany Modelle<\/li>\n<\/ul>\n<h2>H\u00f6hepunkte<\/h2>\n<ul>\n<li>Ma\u00dfgeschneidert<\/li>\n<li>Federweg: 100mm<\/li>\n<\/ul>\n<h2>Leistungsbeschreibung<\/h2>\n<p>L\u00e4nge: 450 mm (Mindesteinsteckl\u00e4nge 120 mm mit Lasermarkierung)<br \/>\nDurchmesser: 30,9 mm<br \/>\nFederweg: 20mm<br \/>\nFarbe: schwarz<\/p>\n","protected":false},"excerpt":{"rendered":"<p>Erlebe erh\u00f6hten Fahrkomfort mit einer mit einem Druck verstellbaren &#8211; winkel- und h\u00f6henverstellbaren, gefederten Sattelst\u00fctze.<\/p>\n","protected":false},"featured_media":3889,"comment_status":"closed","ping_status":"closed","template":"","meta":{"_acf_changed":false},"product_brand":[72],"product_cat":[184,207],"product_tag":[],"class_list":{"0":"post-3189","1":"product","2":"type-product","3":"status-publish","4":"has-post-thumbnail","6":"product_brand-reanybikes","7":"product_cat-zubehor","8":"product_cat-pendeln","9":"product_shipping_class-zubehor","11":"first","12":"onbackorder","13":"taxable","14":"shipping-taxable","15":"purchasable","16":"product-type-simple"},"acf":[],"jetpack_sharing_enabled":true,"_links":{"self":[{"href":"https:\/\/reanybikes.com\/de\/wp-json\/wp\/v2\/product\/3189","targetHints":{"allow":["GET"]}}],"collection":[{"href":"https:\/\/reanybikes.com\/de\/wp-json\/wp\/v2\/product"}],"about":[{"href":"https:\/\/reanybikes.com\/de\/wp-json\/wp\/v2\/types\/product"}],"replies":[{"embeddable":true,"href":"https:\/\/reanybikes.com\/de\/wp-json\/wp\/v2\/comments?post=3189"}],"wp:featuredmedia":[{"embeddable":true,"href":"https:\/\/reanybikes.com\/de\/wp-json\/wp\/v2\/media\/3889"}],"wp:attachment":[{"href":"https:\/\/reanybikes.com\/de\/wp-json\/wp\/v2\/media?parent=3189"}],"wp:term":[{"taxonomy":"product_brand","embeddable":true,"href":"https:\/\/reanybikes.com\/de\/wp-json\/wp\/v2\/product_brand?post=3189"},{"taxonomy":"product_cat","embeddable":true,"href":"https:\/\/reanybikes.com\/de\/wp-json\/wp\/v2\/product_cat?post=3189"},{"taxonomy":"product_tag","embeddable":true,"href":"https:\/\/reanybikes.com\/de\/wp-json\/wp\/v2\/product_tag?post=3189"}],"curies":[{"name":"wp","href":"https:\/\/api.w.org\/{rel}","templated":true}]}}