{"id":3167,"date":"2025-02-24T11:00:12","date_gmt":"2025-02-24T11:00:12","guid":{"rendered":"http:\/\/reanybikes.com\/product\/rack-mik-oberteil\/"},"modified":"2025-08-11T14:31:12","modified_gmt":"2025-08-11T14:31:12","slug":"rack-mik-oberteil","status":"publish","type":"product","link":"https:\/\/reanybikes.com\/de\/product\/rack-mik-oberteil\/","title":{"rendered":"Rack MIK Oberteil"},"content":{"rendered":"<h2>Kompatibel mit<\/h2>\n<p>Passend f\u00fcr alle Reany Modelle, mit dem Gep\u00e4cktr\u00e4gersockel N\/W (separat erh\u00e4ltlich)<\/p>\n<h2>H\u00f6hepunkte<\/h2>\n<ul>\n<li>Die maximale Tragf\u00e4higkeit betr\u00e4gt 18 kg<\/li>\n<li>Einfache Montage mit MIK<\/li>\n<li>Nahtloses Design, das zu Ihren Reany Bikes passt<\/li>\n<\/ul>\n<h2>Leistungsbeschreibung<\/h2>\n<p>Abmessungen: 389*103,5*36 mm<br \/>\nFarbe: schwarz<\/p>\n","protected":false},"excerpt":{"rendered":"<p>Die ganze Zeit felsenfest. Der starre Gep\u00e4cktr\u00e4ger bietet eine au\u00dfergew\u00f6hnliche Agilit\u00e4t, ohne Schwanken oder Klappern.<\/p>\n","protected":false},"featured_media":2024,"comment_status":"closed","ping_status":"closed","template":"","meta":{"_acf_changed":false},"product_brand":[72],"product_cat":[184,207],"product_tag":[],"class_list":{"0":"post-3167","1":"product","2":"type-product","3":"status-publish","4":"has-post-thumbnail","6":"product_brand-reanybikes","7":"product_cat-zubehor","8":"product_cat-pendeln","9":"product_shipping_class-zubehor","11":"first","12":"instock","13":"taxable","14":"shipping-taxable","15":"purchasable","16":"product-type-simple"},"acf":[],"jetpack_sharing_enabled":true,"_links":{"self":[{"href":"https:\/\/reanybikes.com\/de\/wp-json\/wp\/v2\/product\/3167","targetHints":{"allow":["GET"]}}],"collection":[{"href":"https:\/\/reanybikes.com\/de\/wp-json\/wp\/v2\/product"}],"about":[{"href":"https:\/\/reanybikes.com\/de\/wp-json\/wp\/v2\/types\/product"}],"replies":[{"embeddable":true,"href":"https:\/\/reanybikes.com\/de\/wp-json\/wp\/v2\/comments?post=3167"}],"wp:featuredmedia":[{"embeddable":true,"href":"https:\/\/reanybikes.com\/de\/wp-json\/wp\/v2\/media\/2024"}],"wp:attachment":[{"href":"https:\/\/reanybikes.com\/de\/wp-json\/wp\/v2\/media?parent=3167"}],"wp:term":[{"taxonomy":"product_brand","embeddable":true,"href":"https:\/\/reanybikes.com\/de\/wp-json\/wp\/v2\/product_brand?post=3167"},{"taxonomy":"product_cat","embeddable":true,"href":"https:\/\/reanybikes.com\/de\/wp-json\/wp\/v2\/product_cat?post=3167"},{"taxonomy":"product_tag","embeddable":true,"href":"https:\/\/reanybikes.com\/de\/wp-json\/wp\/v2\/product_tag?post=3167"}],"curies":[{"name":"wp","href":"https:\/\/api.w.org\/{rel}","templated":true}]}}