{"id":3134,"date":"2025-02-24T11:03:58","date_gmt":"2025-02-24T11:03:58","guid":{"rendered":"http:\/\/reanybikes.com\/product\/abus-shield-rahmenschloss\/"},"modified":"2025-03-24T15:30:16","modified_gmt":"2025-03-24T15:30:16","slug":"abus-shield-rahmenschloss","status":"publish","type":"product","link":"https:\/\/reanybikes.com\/de\/product\/abus-shield-rahmenschloss\/","title":{"rendered":"ABUS SHIELD\u2122 Rahmenschloss"},"content":{"rendered":"<h2>Kompatibel mit<\/h2>\n<ul>\n<li>Passend f\u00fcr alle Reany Modelle<\/li>\n<\/ul>\n<h2>H\u00f6hepunkte<\/h2>\n<ul>\n<li>8,5 mm starker Schlie\u00dfb\u00fcgel<\/li>\n<li>Der B\u00fcgel, das Geh\u00e4use sowie tragende Elemente des Schlie\u00dfmechanismus sind aus speziell geh\u00e4rtetem Stahl gefertigt<\/li>\n<li>Zubeh\u00f6r kann einfach an den Schlie\u00dfmechanismus am Schlossgeh\u00e4use montiert werden<\/li>\n<\/ul>\n<h2>Leistungsbeschreibung<\/h2>\n<p>ABUS SHIELD\u2122 5650 Rahmenschloss<br \/>\nBreite: 59 mm, H\u00f6he: 109 mm, Gewicht: 600g, Durchmesser: 8,5 mm<br \/>\nFarbe: schwarz<\/p>\n","protected":false},"excerpt":{"rendered":"<p>Das ABUS SHIELD\u2122 Rahmenschloss bietet einen guten Diebstahlschutz und wurde mit Pr\u00fcfsiegeln aus verschiedenen L\u00e4ndern ausgezeichnet.<\/p>\n","protected":false},"featured_media":2044,"comment_status":"closed","ping_status":"closed","template":"","meta":{"_acf_changed":false},"product_brand":[97],"product_cat":[184,185],"product_tag":[],"class_list":{"0":"post-3134","1":"product","2":"type-product","3":"status-publish","4":"has-post-thumbnail","6":"product_brand-abus","7":"product_cat-zubehor","8":"product_cat-sicherheit","9":"product_shipping_class-zubehor","11":"first","12":"instock","13":"taxable","14":"shipping-taxable","15":"purchasable","16":"product-type-simple"},"acf":[],"jetpack_sharing_enabled":true,"_links":{"self":[{"href":"https:\/\/reanybikes.com\/de\/wp-json\/wp\/v2\/product\/3134","targetHints":{"allow":["GET"]}}],"collection":[{"href":"https:\/\/reanybikes.com\/de\/wp-json\/wp\/v2\/product"}],"about":[{"href":"https:\/\/reanybikes.com\/de\/wp-json\/wp\/v2\/types\/product"}],"replies":[{"embeddable":true,"href":"https:\/\/reanybikes.com\/de\/wp-json\/wp\/v2\/comments?post=3134"}],"wp:featuredmedia":[{"embeddable":true,"href":"https:\/\/reanybikes.com\/de\/wp-json\/wp\/v2\/media\/2044"}],"wp:attachment":[{"href":"https:\/\/reanybikes.com\/de\/wp-json\/wp\/v2\/media?parent=3134"}],"wp:term":[{"taxonomy":"product_brand","embeddable":true,"href":"https:\/\/reanybikes.com\/de\/wp-json\/wp\/v2\/product_brand?post=3134"},{"taxonomy":"product_cat","embeddable":true,"href":"https:\/\/reanybikes.com\/de\/wp-json\/wp\/v2\/product_cat?post=3134"},{"taxonomy":"product_tag","embeddable":true,"href":"https:\/\/reanybikes.com\/de\/wp-json\/wp\/v2\/product_tag?post=3134"}],"curies":[{"name":"wp","href":"https:\/\/api.w.org\/{rel}","templated":true}]}}