{"id":3368,"date":"2025-02-06T10:07:44","date_gmt":"2025-02-06T10:07:44","guid":{"rendered":"https:\/\/reanybikes.com\/rezensionen\/"},"modified":"2025-03-18T10:20:19","modified_gmt":"2025-03-18T10:20:19","slug":"rezensionen","status":"publish","type":"page","link":"https:\/\/reanybikes.com\/de\/rezensionen\/","title":{"rendered":"Rezensionen"},"content":{"rendered":"\n<p>Bei Reany Bikes z\u00e4hlt die Stimme jedes Fahrers. Dein Feedback treibt unsere Innovation voran und inspiriert uns, Fahrr\u00e4der zu entwickeln, die Grenzen \u00fcberschreiten. Gemeinsam gestalten wir die Zukunft des Radfahrens, eine Fahrt nach der anderen.  <\/p>\n","protected":false},"excerpt":{"rendered":"<p>Bei Reany Bikes z\u00e4hlt die Stimme jedes Fahrers. Dein Feedback treibt unsere Innovation voran und inspiriert uns, Fahrr\u00e4der zu entwickeln, die Grenzen \u00fcberschreiten. Gemeinsam gestalten wir die Zukunft des Radfahrens, &hellip;<\/p>\n","protected":false},"author":1,"featured_media":0,"parent":0,"menu_order":0,"comment_status":"closed","ping_status":"closed","template":"page-templates\/page-reviews.php","meta":{"_acf_changed":false,"footnotes":""},"class_list":["post-3368","page","type-page","status-publish","hentry"],"acf":[],"jetpack_sharing_enabled":true,"_links":{"self":[{"href":"https:\/\/reanybikes.com\/de\/wp-json\/wp\/v2\/pages\/3368","targetHints":{"allow":["GET"]}}],"collection":[{"href":"https:\/\/reanybikes.com\/de\/wp-json\/wp\/v2\/pages"}],"about":[{"href":"https:\/\/reanybikes.com\/de\/wp-json\/wp\/v2\/types\/page"}],"author":[{"embeddable":true,"href":"https:\/\/reanybikes.com\/de\/wp-json\/wp\/v2\/users\/1"}],"replies":[{"embeddable":true,"href":"https:\/\/reanybikes.com\/de\/wp-json\/wp\/v2\/comments?post=3368"}],"version-history":[{"count":0,"href":"https:\/\/reanybikes.com\/de\/wp-json\/wp\/v2\/pages\/3368\/revisions"}],"wp:attachment":[{"href":"https:\/\/reanybikes.com\/de\/wp-json\/wp\/v2\/media?parent=3368"}],"curies":[{"name":"wp","href":"https:\/\/api.w.org\/{rel}","templated":true}]}}