{"id":3359,"date":"2025-01-29T08:45:31","date_gmt":"2025-01-29T08:45:31","guid":{"rendered":"https:\/\/reanybikes.com\/rueckerstattungs-und-rueckgaberecht\/"},"modified":"2025-03-18T10:20:19","modified_gmt":"2025-03-18T10:20:19","slug":"rueckerstattungs-und-rueckgaberecht","status":"publish","type":"page","link":"https:\/\/reanybikes.com\/de\/rueckerstattungs-und-rueckgaberecht\/","title":{"rendered":"R\u00fcckerstattungs- und R\u00fcckgaberecht"},"content":{"rendered":"\n<p><b>Dies ist eine Beispielseite.<\/b><\/p>\n\n<h2 class=\"wp-block-heading\">\u00dcberblick<\/h2>\n\n<p>Unser R\u00fcckerstattungs- und R\u00fcckgaberecht dauert 30 Tage. Wenn seit Ihrem Kauf 30 Tage vergangen sind, k\u00f6nnen wir Ihnen keine vollst\u00e4ndige R\u00fcckerstattung oder keinen Umtausch anbieten. <\/p>\n\n<p>Um f\u00fcr eine R\u00fcckgabe in Frage zu kommen, muss Ihr Artikel unbenutzt und in demselben Zustand sein, in dem Sie ihn erhalten haben. Es muss sich auch in der Originalverpackung befinden. <\/p>\n\n<p>Einige Arten von Waren sind von der R\u00fcckgabe ausgenommen. Verderbliche Waren wie Lebensmittel, Blumen, Zeitungen oder Zeitschriften k\u00f6nnen nicht zur\u00fcckgegeben werden. Wir akzeptieren auch keine Produkte, bei denen es sich um Intim- oder Hygieneartikel, gef\u00e4hrliche Materialien oder brennbare Fl\u00fcssigkeiten oder Gase handelt.  <\/p>\n\n<p>Zus\u00e4tzliche vom Umtausch ausgeschlossene Artikel:<\/p>\n\n<ul class=\"wp-block-list\">\n<li>Geschenkkarten<\/li>\n<li>Herunterladbare Softwareprodukte<\/li>\n<li>Einige Gesundheits- und K\u00f6rperpflegeartikel<\/li>\n<\/ul>\n\n<p>Um Ihre R\u00fccksendung abzuschlie\u00dfen, ben\u00f6tigen wir eine Quittung oder einen Kaufbeleg.<\/p>\n\n<p>Bitte senden Sie Ihren Kauf nicht an den Hersteller zur\u00fcck.<\/p>\n\n<p>Es gibt bestimmte Situationen, in denen nur teilweise R\u00fcckerstattungen gew\u00e4hrt werden:<\/p>\n\n<ul class=\"wp-block-list\">\n<li>Buch mit offensichtlichen Gebrauchsspuren<\/li>\n<li>CD, DVD, VHS-Band, Software, Videospiel, Kassette oder Schallplatte, die ge\u00f6ffnet wurde.<\/li>\n<li>Jeder Artikel, der sich nicht im Originalzustand befindet, besch\u00e4digt ist oder Teile fehlen, aus Gr\u00fcnden, die nicht auf unseren Fehler zur\u00fcckzuf\u00fchren sind.<\/li>\n<li>Jeder Artikel, der mehr als 30 Tage nach Lieferung zur\u00fcckgegeben wird<\/li>\n<\/ul>\n\n<h2>Zur\u00fcckzahlungen<\/h2>\n\n<p>Sobald Ihre R\u00fccksendung eingegangen ist und gepr\u00fcft wurde, senden wir Ihnen eine E-Mail, um Sie dar\u00fcber zu informieren, dass wir Ihren zur\u00fcckgegebenen Artikel erhalten haben. Wir werden Sie auch \u00fcber die Genehmigung oder Ablehnung Ihrer R\u00fcckerstattung informieren. <\/p>\n\n<p>Wenn Sie genehmigt werden, wird Ihre R\u00fcckerstattung bearbeitet und innerhalb einer bestimmten Anzahl von Tagen automatisch eine Gutschrift auf Ihre Kreditkarte oder Ihre urspr\u00fcngliche Zahlungsmethode angewendet.<\/p>\n\n<h3 class=\"wp-block-heading\">Versp\u00e4tete oder fehlende R\u00fcckerstattungen<\/h3>\n\n<p>Wenn Sie noch keine R\u00fcckerstattung erhalten haben, \u00fcberpr\u00fcfen Sie zun\u00e4chst Ihr Bankkonto erneut.<\/p>\n\n<p>Wenden Sie sich dann an Ihr Kreditkartenunternehmen, es kann einige Zeit dauern, bis Ihre R\u00fcckerstattung offiziell gebucht wird.<\/p>\n\n<p>Wenden Sie sich anschlie\u00dfend an Ihre Bank. Es gibt oft eine gewisse Bearbeitungszeit, bevor eine R\u00fcckerstattung gebucht wird. <\/p>\n\n<p>Wenn Sie all dies getan haben und Ihre R\u00fcckerstattung noch nicht erhalten haben, kontaktieren Sie uns bitte unter {E-Mail-Adresse}.<\/p>\n\n<h3 class=\"wp-block-heading\">Sale-Artikel<\/h3>\n\n<p>Nur Artikel zum regul\u00e4ren Preis k\u00f6nnen erstattet werden. Sale-Artikel k\u00f6nnen nicht erstattet werden. <\/p>\n\n<h2>Auswechselungen<\/h2>\n\n<p>Wir ersetzen Artikel nur, wenn sie defekt oder besch\u00e4digt sind. Wenn Sie es gegen denselben Artikel umtauschen m\u00fcssen, senden Sie uns eine E-Mail an {E-Mail-Adresse} und senden Sie Ihren Artikel an: {physische Adresse}. <\/p>\n\n<h2>Geschenke<\/h2>\n\n<p>Wenn der Artikel beim Kauf als Geschenk gekennzeichnet und direkt an Sie versandt wurde, erhalten Sie eine Geschenkgutschrift in H\u00f6he des Wertes Ihrer R\u00fccksendung. Sobald der zur\u00fcckgegebene Artikel eingegangen ist, wird Ihnen ein Geschenkgutschein zugesandt. <\/p>\n\n<p>Wenn der Artikel beim Kauf nicht als Geschenk gekennzeichnet war oder der Geschenkgeber die Bestellung an sich selbst versenden lie\u00df, um sie Ihnen sp\u00e4ter zu geben, senden wir eine R\u00fcckerstattung an den Geschenkgeber und er wird von Ihrer R\u00fccksendung erfahren.<\/p>\n\n<h2>Versand von R\u00fccksendungen<\/h2>\n\n<p>Um Ihr Produkt zur\u00fcckzusenden, senden Sie es bitte an: {physische Adresse}.<\/p>\n\n<p>Sie sind f\u00fcr die Zahlung Ihrer eigenen Versandkosten f\u00fcr die R\u00fccksendung Ihres Artikels verantwortlich. Versandkosten sind nicht erstattungsf\u00e4hig. Wenn Sie eine R\u00fcckerstattung erhalten, werden die Kosten f\u00fcr den R\u00fcckversand von Ihrer R\u00fcckerstattung abgezogen.  <\/p>\n\n<p>Je nachdem, wo Sie wohnen, kann die Zeit, die es dauert, bis Ihr umgetauschtes Produkt bei Ihnen eintrifft, variieren.<\/p>\n\n<p>Wenn Sie teurere Artikel zur\u00fccksenden, k\u00f6nnen Sie in Betracht ziehen, einen nachverfolgbaren Versandservice zu nutzen oder eine Versandversicherung abzuschlie\u00dfen. Wir garantieren nicht, dass wir Ihren zur\u00fcckgegebenen Artikel erhalten. <\/p>\n\n<h2>Ben\u00f6tigen Sie Hilfe?<\/h2>\n\n<p>Kontaktieren Sie uns unter f\u00fcr {email} Fragen zu R\u00fcckerstattungen und R\u00fccksendungen.<\/p>\n","protected":false},"excerpt":{"rendered":"<p>Dies ist eine Beispielseite. \u00dcberblick Unser R\u00fcckerstattungs- und R\u00fcckgaberecht dauert 30 Tage. Wenn seit Ihrem Kauf 30 Tage vergangen sind, k\u00f6nnen wir Ihnen keine vollst\u00e4ndige R\u00fcckerstattung oder keinen Umtausch anbieten. &hellip;<\/p>\n","protected":false},"author":1,"featured_media":0,"parent":0,"menu_order":0,"comment_status":"closed","ping_status":"closed","template":"","meta":{"_acf_changed":false,"footnotes":""},"class_list":["post-3359","page","type-page","status-publish","hentry"],"acf":[],"jetpack_sharing_enabled":true,"_links":{"self":[{"href":"https:\/\/reanybikes.com\/de\/wp-json\/wp\/v2\/pages\/3359","targetHints":{"allow":["GET"]}}],"collection":[{"href":"https:\/\/reanybikes.com\/de\/wp-json\/wp\/v2\/pages"}],"about":[{"href":"https:\/\/reanybikes.com\/de\/wp-json\/wp\/v2\/types\/page"}],"author":[{"embeddable":true,"href":"https:\/\/reanybikes.com\/de\/wp-json\/wp\/v2\/users\/1"}],"replies":[{"embeddable":true,"href":"https:\/\/reanybikes.com\/de\/wp-json\/wp\/v2\/comments?post=3359"}],"version-history":[{"count":0,"href":"https:\/\/reanybikes.com\/de\/wp-json\/wp\/v2\/pages\/3359\/revisions"}],"wp:attachment":[{"href":"https:\/\/reanybikes.com\/de\/wp-json\/wp\/v2\/media?parent=3359"}],"curies":[{"name":"wp","href":"https:\/\/api.w.org\/{rel}","templated":true}]}}